{"id":3065,"date":"2020-05-09T05:37:11","date_gmt":"2020-05-09T05:37:11","guid":{"rendered":"https:\/\/ninetheme.com\/themes\/wavo\/?page_id=3065"},"modified":"2025-06-18T13:30:49","modified_gmt":"2025-06-18T13:30:49","slug":"about-us-creative","status":"publish","type":"page","link":"https:\/\/casatribal.com\/?page_id=3065","title":{"rendered":"About Us #2 &#8211; Creative"},"content":{"rendered":"\t\t<div data-elementor-type=\"wp-page\" data-elementor-id=\"3065\" class=\"elementor elementor-3065\">\n\t\t\t\t\t\t<section class=\"wavo-column-gap-no elementor-section elementor-top-section elementor-element elementor-element-7d121e5 elementor-section-stretched elementor-section-height-min-height wavo-parallax jarallax parallax-yes elementor-section-boxed elementor-section-height-default elementor-section-items-middle\" data-wavo-parallax=\"{&quot;type&quot;:&quot;scroll&quot;,&quot;speed&quot;:&quot;0.4&quot;,&quot;imgsize&quot;:&quot;cover&quot;,&quot;imgsrc&quot;:&quot;https:\/\/casatribal.com\/wp-content\/uploads\/2020\/02\/Innovacion-en-Protesis-Dentales-CAD-CAM.jpg&quot;,&quot;mobile&quot;:&quot;&quot;}\" data-id=\"7d121e5\" data-element_type=\"section\" data-settings=\"{&quot;stretch_section&quot;:&quot;section-stretched&quot;,&quot;background_background&quot;:&quot;classic&quot;}\">\n\t\t\t\t\t\t\t<div class=\"elementor-background-overlay\"><\/div>\n\t\t\t\t\t\t\t<div class=\"elementor-container elementor-column-gap-no\">\n\t\t\t\t\t<div class=\"elementor-column elementor-col-100 elementor-top-column elementor-element elementor-element-8904860\" data-id=\"8904860\" data-element_type=\"column\">\n\t\t\t<div class=\"elementor-widget-wrap elementor-element-populated\">\n\t\t\t\t\t\t<div class=\"elementor-element elementor-element-5cb0e2c animated-slow wavo-transform transform-type-translate elementor-invisible elementor-widget elementor-widget-heading\" data-id=\"5cb0e2c\" data-element_type=\"widget\" data-settings=\"{&quot;_animation&quot;:&quot;fadeIn&quot;,&quot;_animation_delay&quot;:700}\" data-widget_type=\"heading.default\">\n\t\t\t\t<div class=\"elementor-widget-container\">\n\t\t\t\t\t<span class=\"elementor-heading-title elementor-size-default\">TECHNOLOG\u00cdA<\/span>\t\t\t\t<\/div>\n\t\t\t\t<\/div>\n\t\t\t\t<div class=\"elementor-element elementor-element-46935da wavo-stroke wavo-has-stroke-yes wavo-has-stroke-type stroke-type-part wavo-transform transform-type-translate elementor-invisible elementor-widget elementor-widget-heading\" data-id=\"46935da\" data-element_type=\"widget\" data-settings=\"{&quot;_animation&quot;:&quot;fadeIn&quot;,&quot;_animation_delay&quot;:900}\" data-widget_type=\"heading.default\">\n\t\t\t\t<div class=\"elementor-widget-container\">\n\t\t\t\t\t<h1 class=\"elementor-heading-title elementor-size-default\">CAD <b>CAM<\/b><\/h1>\t\t\t\t<\/div>\n\t\t\t\t<\/div>\n\t\t\t\t<section class=\"wavo-column-gap-no elementor-section elementor-inner-section elementor-element elementor-element-f005552 elementor-section-boxed elementor-section-height-default elementor-section-height-default\" data-id=\"f005552\" data-element_type=\"section\">\n\t\t\t\t\t\t<div class=\"elementor-container elementor-column-gap-no\">\n\t\t\t\t\t<div class=\"elementor-column elementor-col-33 elementor-inner-column elementor-element elementor-element-0e17e19\" data-id=\"0e17e19\" data-element_type=\"column\">\n\t\t\t<div class=\"elementor-widget-wrap\">\n\t\t\t\t\t\t\t<\/div>\n\t\t<\/div>\n\t\t\t\t<div class=\"elementor-column elementor-col-33 elementor-inner-column elementor-element elementor-element-73f4f4f\" data-id=\"73f4f4f\" data-element_type=\"column\">\n\t\t\t<div class=\"elementor-widget-wrap elementor-element-populated\">\n\t\t\t\t\t\t<div class=\"elementor-element elementor-element-4404fd9 elementor-widget elementor-widget-text-editor\" data-id=\"4404fd9\" data-element_type=\"widget\" data-widget_type=\"text-editor.default\">\n\t\t\t\t<div class=\"elementor-widget-container\">\n\t\t\t\t\t\t\t\t\tWe\u2019re a digital creative services firm. We provide web, mobile and\napp development, branding and design services for arts + culture,\nentertainment and nonprofit organizations.\t\t\t\t\t\t\t\t<\/div>\n\t\t\t\t<\/div>\n\t\t\t\t\t<\/div>\n\t\t<\/div>\n\t\t\t\t<div class=\"elementor-column elementor-col-33 elementor-inner-column elementor-element elementor-element-33cb9fc\" data-id=\"33cb9fc\" data-element_type=\"column\">\n\t\t\t<div class=\"elementor-widget-wrap\">\n\t\t\t\t\t\t\t<\/div>\n\t\t<\/div>\n\t\t\t\t\t<\/div>\n\t\t<\/section>\n\t\t\t\t\t<\/div>\n\t\t<\/div>\n\t\t\t\t\t<\/div>\n\t\t<\/section>\n\t\t\t\t<div class=\"wavo-column-gap-no elementor-section elementor-top-section elementor-element elementor-element-28ff98a elementor-section-content-middle elementor-section-boxed elementor-section-height-default elementor-section-height-default\" data-id=\"28ff98a\" data-element_type=\"section\">\n\t\t\t\t\t\t\t<div class=\"elementor-background-overlay\"><\/div>\n\t\t\t\t\t\t\t<div class=\"elementor-container elementor-column-gap-no\">\n\t\t\t\t\t<div class=\"elementor-column elementor-col-50 elementor-top-column elementor-element elementor-element-8fdac96\" data-id=\"8fdac96\" data-element_type=\"column\" data-settings=\"{&quot;background_background&quot;:&quot;classic&quot;}\">\n\t\t\t<div class=\"elementor-widget-wrap elementor-element-populated\">\n\t\t\t\t\t\t<div data-image-parallax-settings=\"{&quot;orientation&quot;:&quot;down&quot;,&quot;overflow&quot;: false,&quot;scale&quot;:1.2,&quot;delay&quot;:0.4,&quot;maxtrans&quot;:0}\" class=\"elementor-element elementor-element-5e915ce wavo-image-parallax image-has-parallax-yes elementor-widget elementor-widget-image\" data-id=\"5e915ce\" data-element_type=\"widget\" data-widget_type=\"image.default\">\n\t\t\t\t<div class=\"elementor-widget-container\">\n\t\t\t\t\t\t\t\t\t\t\t\t\t\t\t<img decoding=\"async\" src=\"https:\/\/casatribal.com\/wp-content\/uploads\/elementor\/thumbs\/header-cad-r6y057vbjmr7l63ydadd3x7vc7l6xav0l55l5xhhsk.jpg\" title=\"header-cad\" alt=\"header-cad\" loading=\"lazy\" \/>\t\t\t\t\t\t\t\t\t\t\t\t\t\t\t<\/div>\n\t\t\t\t<\/div>\n\t\t\t\t\t<\/div>\n\t\t<\/div>\n\t\t\t\t<div class=\"elementor-column elementor-col-50 elementor-top-column elementor-element elementor-element-1d59163\" data-id=\"1d59163\" data-element_type=\"column\" data-settings=\"{&quot;background_background&quot;:&quot;classic&quot;}\">\n\t\t\t<div class=\"elementor-widget-wrap elementor-element-populated\">\n\t\t\t\t\t\t<div data-split-settings=\"{&quot;type&quot;:&quot;chars&quot;,&quot;animation&quot;:&quot;fadeInUp&quot;}\" class=\"elementor-element elementor-element-70e42a2 wavo-headig-split heading-has-split-yes wavo-headig-line heading-has-line-yes wavo-transform transform-type-translate elementor-widget elementor-widget-heading\" data-id=\"70e42a2\" data-element_type=\"widget\" data-widget_type=\"heading.default\">\n\t\t\t\t<div class=\"elementor-widget-container\">\n\t\t\t\t\t<h6 class=\"elementor-heading-title elementor-size-default\">Technolog\u00eda<\/h6>\t\t\t\t<\/div>\n\t\t\t\t<\/div>\n\t\t\t\t<div data-split-settings=\"{&quot;type&quot;:&quot;chars&quot;,&quot;animation&quot;:&quot;fadeInUp&quot;}\" class=\"elementor-element elementor-element-2fb02a6 wavo-headig-split heading-has-split-yes wavo-transform transform-type-translate elementor-widget elementor-widget-heading\" data-id=\"2fb02a6\" data-element_type=\"widget\" data-widget_type=\"heading.default\">\n\t\t\t\t<div class=\"elementor-widget-container\">\n\t\t\t\t\t<h4 class=\"elementor-heading-title elementor-size-default\">Apostamos por la tecnolog\u00eda CAD\/CAM como parte esencial de nuestro proceso de trabajo.<\/h4>\t\t\t\t<\/div>\n\t\t\t\t<\/div>\n\t\t\t\t<div data-split-settings=\"{&quot;type&quot;:&quot;chars&quot;,&quot;animation&quot;:&quot;fadeIn2&quot;}\" class=\"elementor-element elementor-element-7ff3062 wavo-headig-split heading-has-split-yes wavo-transform transform-type-translate elementor-widget elementor-widget-heading\" data-id=\"7ff3062\" data-element_type=\"widget\" data-widget_type=\"heading.default\">\n\t\t\t\t<div class=\"elementor-widget-container\">\n\t\t\t\t\t<p class=\"elementor-heading-title elementor-size-default\">Gracias a los avanzados sistemas de dise\u00f1o y fabricaci\u00f3n digital CAD\/CAM, en nuestro laboratorio dental logramos optimizar cada etapa del proceso de creaci\u00f3n de pr\u00f3tesis y restauraciones dentales.<\/p>\t\t\t\t<\/div>\n\t\t\t\t<\/div>\n\t\t\t\t<div class=\"elementor-element elementor-element-af9fa4d elementor-widget elementor-widget-text-editor\" data-id=\"af9fa4d\" data-element_type=\"widget\" data-widget_type=\"text-editor.default\">\n\t\t\t\t<div class=\"elementor-widget-container\">\n\t\t\t\t\t\t\t\t\t<div class=\"agency\"><div class=\"content\"><ul><li class=\"wow fadeInUp\" data-wow-delay=\".2s\">Mayor precisi\u00f3n en el ajuste de las pr\u00f3tesis.<\/li><li class=\"wow fadeInUp\" data-wow-delay=\".4s\">Tiempos de producci\u00f3n m\u00e1s cortos.<\/li><li data-wow-delay=\".4s\">Resultados m\u00e1s predecibles y personalizados.<\/li><li data-wow-delay=\".4s\">Flujo de trabajo digital con integraci\u00f3n directa con las cl\u00ednicas<\/li><\/ul><\/div><\/div>\t\t\t\t\t\t\t\t<\/div>\n\t\t\t\t<\/div>\n\t\t\t\t<div class=\"elementor-element elementor-element-e4aca23 elementor-widget elementor-widget-wavo-button\" data-id=\"e4aca23\" data-element_type=\"widget\" data-widget_type=\"wavo-button.default\">\n\t\t\t\t<div class=\"elementor-widget-container\">\n\t\t\t\t\t<div class=\"wavo-button\"><a class=\"wavo-btn btn-curve\" href=\"https:\/\/ninetheme.com\/themes\/wavo\/portfolio-two-columns\/\"><span class=\"button_text\">Disc\u00farrelo  <\/span><\/a><\/div>\t\t\t\t<\/div>\n\t\t\t\t<\/div>\n\t\t\t\t\t<\/div>\n\t\t<\/div>\n\t\t\t\t\t<\/div>\n\t\t<\/div>\n\t\t\t\t<section class=\"wavo-column-gap-no elementor-section elementor-top-section elementor-element elementor-element-13bb1cc elementor-section-stretched elementor-section-boxed elementor-section-height-default elementor-section-height-default\" data-id=\"13bb1cc\" data-element_type=\"section\" data-settings=\"{&quot;stretch_section&quot;:&quot;section-stretched&quot;,&quot;background_background&quot;:&quot;classic&quot;}\">\n\t\t\t\t\t\t<div class=\"elementor-container elementor-column-gap-no\">\n\t\t\t\t\t<div class=\"elementor-column elementor-col-100 elementor-top-column elementor-element elementor-element-44e1657\" data-id=\"44e1657\" data-element_type=\"column\">\n\t\t\t<div class=\"elementor-widget-wrap elementor-element-populated\">\n\t\t\t\t\t\t<section class=\"wavo-column-gap-default elementor-section elementor-inner-section elementor-element elementor-element-900ca98 elementor-section-boxed elementor-section-height-default elementor-section-height-default\" data-id=\"900ca98\" data-element_type=\"section\">\n\t\t\t\t\t\t<div class=\"elementor-container elementor-column-gap-default\">\n\t\t\t\t\t<div class=\"elementor-column elementor-col-50 elementor-inner-column elementor-element elementor-element-d08ba05\" data-id=\"d08ba05\" data-element_type=\"column\">\n\t\t\t<div class=\"elementor-widget-wrap elementor-element-populated\">\n\t\t\t\t\t\t<div data-split-settings=\"{&quot;type&quot;:&quot;chars&quot;,&quot;animation&quot;:&quot;fadeInUp&quot;}\" class=\"elementor-element elementor-element-8ce9c0e wavo-headig-split heading-has-split-yes wavo-transform transform-type-translate elementor-widget elementor-widget-heading\" data-id=\"8ce9c0e\" data-element_type=\"widget\" data-widget_type=\"heading.default\">\n\t\t\t\t<div class=\"elementor-widget-container\">\n\t\t\t\t\t<h4 class=\"elementor-heading-title elementor-size-default\">Intranet<\/h4>\t\t\t\t<\/div>\n\t\t\t\t<\/div>\n\t\t\t\t\t<\/div>\n\t\t<\/div>\n\t\t\t\t<div class=\"elementor-column elementor-col-50 elementor-inner-column elementor-element elementor-element-3a04af0\" data-id=\"3a04af0\" data-element_type=\"column\">\n\t\t\t<div class=\"elementor-widget-wrap elementor-element-populated\">\n\t\t\t\t\t\t<div class=\"elementor-element elementor-element-91f7cdb animated-slow elementor-invisible elementor-widget elementor-widget-text-editor\" data-id=\"91f7cdb\" data-element_type=\"widget\" data-settings=\"{&quot;_animation&quot;:&quot;fadeIn&quot;,&quot;_animation_delay&quot;:700}\" data-widget_type=\"text-editor.default\">\n\t\t\t\t<div class=\"elementor-widget-container\">\n\t\t\t\t\t\t\t\t\tCon nuestra intranet, conectamos equipos y agilizamos procesos para ofrecer soluciones dentales de excelencia con rapidez y precisi\u00f3n.\t\t\t\t\t\t\t\t<\/div>\n\t\t\t\t<\/div>\n\t\t\t\t<div class=\"elementor-element elementor-element-a756054 animated-slow elementor-invisible elementor-widget elementor-widget-text-editor\" data-id=\"a756054\" data-element_type=\"widget\" data-settings=\"{&quot;_animation&quot;:&quot;fadeIn&quot;,&quot;_animation_delay&quot;:900}\" data-widget_type=\"text-editor.default\">\n\t\t\t\t<div class=\"elementor-widget-container\">\n\t\t\t\t\t\t\t\t\t<p dir=\"ltr\" data-pm-slice=\"1 1 []\">En nuestro laboratorio dental, la comunicaci\u00f3n fluida y eficiente es clave para el \u00e9xito de cada proyecto. Gracias a nuestra avanzada intranet, facilitamos una interacci\u00f3n inmediata y segura entre todos los departamentos, desde el dise\u00f1o hasta la producci\u00f3n. Esta plataforma centralizada permite compartir informaci\u00f3n en tiempo real, como especificaciones t\u00e9cnicas, actualizaciones de pedidos y requerimientos personalizados de los clientes, optimizando la coordinaci\u00f3n y reduciendo tiempos de respuesta. Adem\u00e1s, nuestra intranet asegura la confidencialidad de los datos y ofrece una interfaz intuitiva que agiliza la colaboraci\u00f3n, garantizando que cada miembro del equipo est\u00e9 alineado para entregar resultados de calidad superior con la m\u00e1xima eficiencia.<\/p>\t\t\t\t\t\t\t\t<\/div>\n\t\t\t\t<\/div>\n\t\t\t\t<div class=\"elementor-element elementor-element-7885192 elementor-widget elementor-widget-wavo-button\" data-id=\"7885192\" data-element_type=\"widget\" data-widget_type=\"wavo-button.default\">\n\t\t\t\t<div class=\"elementor-widget-container\">\n\t\t\t\t\t<div class=\"wavo-button\"><a class=\"wavo-btn btn-curve btn-lit\" href=\"https:\/\/casatribal.com\/?page_id=2804\"><span class=\"button_text\">ACCESO <\/span><\/a><\/div>\t\t\t\t<\/div>\n\t\t\t\t<\/div>\n\t\t\t\t\t<\/div>\n\t\t<\/div>\n\t\t\t\t\t<\/div>\n\t\t<\/section>\n\t\t\t\t\t<\/div>\n\t\t<\/div>\n\t\t\t\t\t<\/div>\n\t\t<\/section>\n\t\t\t\t<section class=\"wavo-column-gap-default elementor-section elementor-top-section elementor-element elementor-element-aa8db96 elementor-section-boxed elementor-section-height-default elementor-section-height-default\" data-id=\"aa8db96\" data-element_type=\"section\">\n\t\t\t\t\t\t\t<div class=\"elementor-background-overlay\"><\/div>\n\t\t\t\t\t\t\t<div class=\"elementor-container elementor-column-gap-default\">\n\t\t\t\t\t<div class=\"elementor-column elementor-col-100 elementor-top-column elementor-element elementor-element-0c85657\" data-id=\"0c85657\" data-element_type=\"column\">\n\t\t\t<div class=\"elementor-widget-wrap elementor-element-populated\">\n\t\t\t\t\t\t<section class=\"wavo-column-gap-default elementor-section elementor-inner-section elementor-element elementor-element-2e51681 elementor-section-boxed elementor-section-height-default elementor-section-height-default\" data-id=\"2e51681\" data-element_type=\"section\">\n\t\t\t\t\t\t<div class=\"elementor-container elementor-column-gap-default\">\n\t\t\t\t\t<div class=\"elementor-column elementor-col-100 elementor-inner-column elementor-element elementor-element-972ba69\" data-id=\"972ba69\" data-element_type=\"column\">\n\t\t\t<div class=\"elementor-widget-wrap elementor-element-populated\">\n\t\t\t\t\t\t<div class=\"elementor-element elementor-element-6b7cf4c elementor-widget elementor-widget-spacer\" data-id=\"6b7cf4c\" data-element_type=\"widget\" data-widget_type=\"spacer.default\">\n\t\t\t\t<div class=\"elementor-widget-container\">\n\t\t\t\t\t\t\t<div class=\"elementor-spacer\">\n\t\t\t<div class=\"elementor-spacer-inner\"><\/div>\n\t\t<\/div>\n\t\t\t\t\t\t<\/div>\n\t\t\t\t<\/div>\n\t\t<div class=\"elementor-element elementor-element-a018dc2 e-flex e-con-boxed e-con e-parent\" data-id=\"a018dc2\" data-element_type=\"container\">\n\t\t\t\t\t<div class=\"e-con-inner\">\n\t\t\t\t<div class=\"elementor-element elementor-element-879ae41 elementor-widget elementor-widget-image\" data-id=\"879ae41\" data-element_type=\"widget\" data-widget_type=\"image.default\">\n\t\t\t\t<div class=\"elementor-widget-container\">\n\t\t\t\t\t\t\t\t\t\t\t\t\t\t\t<img decoding=\"async\" width=\"300\" height=\"100\" src=\"https:\/\/casatribal.com\/wp-content\/uploads\/2025\/06\/casa-tribal-logo-centrado-white-300x100.png\" class=\"attachment-medium size-medium wp-image-4642\" alt=\"\" srcset=\"https:\/\/casatribal.com\/wp-content\/uploads\/2025\/06\/casa-tribal-logo-centrado-white-300x100.png 300w, https:\/\/casatribal.com\/wp-content\/uploads\/2025\/06\/casa-tribal-logo-centrado-white-1024x341.png 1024w, https:\/\/casatribal.com\/wp-content\/uploads\/2025\/06\/casa-tribal-logo-centrado-white-768x256.png 768w, https:\/\/casatribal.com\/wp-content\/uploads\/2025\/06\/casa-tribal-logo-centrado-white-500x167.png 500w, https:\/\/casatribal.com\/wp-content\/uploads\/2025\/06\/casa-tribal-logo-centrado-white-980x327.png 980w, https:\/\/casatribal.com\/wp-content\/uploads\/2025\/06\/casa-tribal-logo-centrado-white.png 1500w\" sizes=\"(max-width: 300px) 100vw, 300px\" \/>\t\t\t\t\t\t\t\t\t\t\t\t\t\t\t<\/div>\n\t\t\t\t<\/div>\n\t\t\t\t<div class=\"elementor-element elementor-element-ecc90d5 elementor-widget elementor-widget-spacer\" data-id=\"ecc90d5\" data-element_type=\"widget\" data-widget_type=\"spacer.default\">\n\t\t\t\t<div class=\"elementor-widget-container\">\n\t\t\t\t\t\t\t<div class=\"elementor-spacer\">\n\t\t\t<div class=\"elementor-spacer-inner\"><\/div>\n\t\t<\/div>\n\t\t\t\t\t\t<\/div>\n\t\t\t\t<\/div>\n\t\t\t\t\t<\/div>\n\t\t\t\t<\/div>\n\t\t<div class=\"elementor-element elementor-element-6c4ec71 e-grid e-con-boxed e-con e-parent\" data-id=\"6c4ec71\" data-element_type=\"container\">\n\t\t\t\t\t<div class=\"e-con-inner\">\n\t\t\t\t<div class=\"elementor-element elementor-element-e5b401d wavo-transform transform-type-translate elementor-widget elementor-widget-heading\" data-id=\"e5b401d\" data-element_type=\"widget\" data-widget_type=\"heading.default\">\n\t\t\t\t<div class=\"elementor-widget-container\">\n\t\t\t\t\t<h2 class=\"elementor-heading-title elementor-size-default\"><a href=\"https:\/\/casatribal.com\/?page_id=1912\">NOSOTROS<\/a><\/h2>\t\t\t\t<\/div>\n\t\t\t\t<\/div>\n\t\t\t\t<div class=\"elementor-element elementor-element-e62bf00 wavo-transform transform-type-translate elementor-widget elementor-widget-heading\" data-id=\"e62bf00\" data-element_type=\"widget\" data-widget_type=\"heading.default\">\n\t\t\t\t<div class=\"elementor-widget-container\">\n\t\t\t\t\t<h2 class=\"elementor-heading-title elementor-size-default\"><a href=\"https:\/\/casatribal.com\/?page_id=4203\">SERVICIOS<\/a><\/h2>\t\t\t\t<\/div>\n\t\t\t\t<\/div>\n\t\t\t\t<div class=\"elementor-element elementor-element-0e9cd97 wavo-transform transform-type-translate elementor-widget elementor-widget-heading\" data-id=\"0e9cd97\" data-element_type=\"widget\" data-widget_type=\"heading.default\">\n\t\t\t\t<div class=\"elementor-widget-container\">\n\t\t\t\t\t<h2 class=\"elementor-heading-title elementor-size-default\"><a href=\"https:\/\/casatribal.com\/?page_id=3065\">CAD CAM<\/a><\/h2>\t\t\t\t<\/div>\n\t\t\t\t<\/div>\n\t\t\t\t<div class=\"elementor-element elementor-element-2704bce wavo-transform transform-type-translate elementor-widget elementor-widget-heading\" data-id=\"2704bce\" data-element_type=\"widget\" data-widget_type=\"heading.default\">\n\t\t\t\t<div class=\"elementor-widget-container\">\n\t\t\t\t\t<h2 class=\"elementor-heading-title elementor-size-default\"><a href=\"https:\/\/casatribal.com\/?page_id=579\">TRABAJOS<\/a><\/h2>\t\t\t\t<\/div>\n\t\t\t\t<\/div>\n\t\t\t\t<div class=\"elementor-element elementor-element-ce2e7eb wavo-transform transform-type-translate elementor-widget elementor-widget-heading\" data-id=\"ce2e7eb\" data-element_type=\"widget\" data-widget_type=\"heading.default\">\n\t\t\t\t<div class=\"elementor-widget-container\">\n\t\t\t\t\t<h2 class=\"elementor-heading-title elementor-size-default\"><a href=\"https:\/\/casatribal.com\/?page_id=579\">iNTRANET<\/a><\/h2>\t\t\t\t<\/div>\n\t\t\t\t<\/div>\n\t\t\t\t\t<\/div>\n\t\t\t\t<\/div>\n\t\t\t\t<div class=\"elementor-element elementor-element-ce069c6 elementor-widget elementor-widget-spacer\" data-id=\"ce069c6\" data-element_type=\"widget\" data-widget_type=\"spacer.default\">\n\t\t\t\t<div class=\"elementor-widget-container\">\n\t\t\t\t\t\t\t<div class=\"elementor-spacer\">\n\t\t\t<div class=\"elementor-spacer-inner\"><\/div>\n\t\t<\/div>\n\t\t\t\t\t\t<\/div>\n\t\t\t\t<\/div>\n\t\t\t\t<div class=\"elementor-element elementor-element-df29019 elementor-shape-rounded elementor-grid-0 e-grid-align-center elementor-widget elementor-widget-social-icons\" data-id=\"df29019\" data-element_type=\"widget\" data-widget_type=\"social-icons.default\">\n\t\t\t\t<div class=\"elementor-widget-container\">\n\t\t\t\t\t\t\t<div class=\"elementor-social-icons-wrapper elementor-grid\">\n\t\t\t\t\t\t\t<span class=\"elementor-grid-item\">\n\t\t\t\t\t<a class=\"elementor-icon elementor-social-icon elementor-social-icon-facebook elementor-repeater-item-2614503\" target=\"_blank\">\n\t\t\t\t\t\t<span class=\"elementor-screen-only\">Facebook<\/span>\n\t\t\t\t\t\t<svg class=\"e-font-icon-svg e-fab-facebook\" viewBox=\"0 0 512 512\" xmlns=\"http:\/\/www.w3.org\/2000\/svg\"><path d=\"M504 256C504 119 393 8 256 8S8 119 8 256c0 123.78 90.69 226.38 209.25 245V327.69h-63V256h63v-54.64c0-62.15 37-96.48 93.67-96.48 27.14 0 55.52 4.84 55.52 4.84v61h-31.28c-30.8 0-40.41 19.12-40.41 38.73V256h68.78l-11 71.69h-57.78V501C413.31 482.38 504 379.78 504 256z\"><\/path><\/svg>\t\t\t\t\t<\/a>\n\t\t\t\t<\/span>\n\t\t\t\t\t\t\t<span class=\"elementor-grid-item\">\n\t\t\t\t\t<a class=\"elementor-icon elementor-social-icon elementor-social-icon-instagram elementor-repeater-item-7bf4e5a\" target=\"_blank\">\n\t\t\t\t\t\t<span class=\"elementor-screen-only\">Instagram<\/span>\n\t\t\t\t\t\t<svg class=\"e-font-icon-svg e-fab-instagram\" viewBox=\"0 0 448 512\" xmlns=\"http:\/\/www.w3.org\/2000\/svg\"><path d=\"M224.1 141c-63.6 0-114.9 51.3-114.9 114.9s51.3 114.9 114.9 114.9S339 319.5 339 255.9 287.7 141 224.1 141zm0 189.6c-41.1 0-74.7-33.5-74.7-74.7s33.5-74.7 74.7-74.7 74.7 33.5 74.7 74.7-33.6 74.7-74.7 74.7zm146.4-194.3c0 14.9-12 26.8-26.8 26.8-14.9 0-26.8-12-26.8-26.8s12-26.8 26.8-26.8 26.8 12 26.8 26.8zm76.1 27.2c-1.7-35.9-9.9-67.7-36.2-93.9-26.2-26.2-58-34.4-93.9-36.2-37-2.1-147.9-2.1-184.9 0-35.8 1.7-67.6 9.9-93.9 36.1s-34.4 58-36.2 93.9c-2.1 37-2.1 147.9 0 184.9 1.7 35.9 9.9 67.7 36.2 93.9s58 34.4 93.9 36.2c37 2.1 147.9 2.1 184.9 0 35.9-1.7 67.7-9.9 93.9-36.2 26.2-26.2 34.4-58 36.2-93.9 2.1-37 2.1-147.8 0-184.8zM398.8 388c-7.8 19.6-22.9 34.7-42.6 42.6-29.5 11.7-99.5 9-132.1 9s-102.7 2.6-132.1-9c-19.6-7.8-34.7-22.9-42.6-42.6-11.7-29.5-9-99.5-9-132.1s-2.6-102.7 9-132.1c7.8-19.6 22.9-34.7 42.6-42.6 29.5-11.7 99.5-9 132.1-9s102.7-2.6 132.1 9c19.6 7.8 34.7 22.9 42.6 42.6 11.7 29.5 9 99.5 9 132.1s2.7 102.7-9 132.1z\"><\/path><\/svg>\t\t\t\t\t<\/a>\n\t\t\t\t<\/span>\n\t\t\t\t\t\t\t<span class=\"elementor-grid-item\">\n\t\t\t\t\t<a class=\"elementor-icon elementor-social-icon elementor-social-icon-youtube elementor-repeater-item-eaa3ec5\" target=\"_blank\">\n\t\t\t\t\t\t<span class=\"elementor-screen-only\">Youtube<\/span>\n\t\t\t\t\t\t<svg class=\"e-font-icon-svg e-fab-youtube\" viewBox=\"0 0 576 512\" xmlns=\"http:\/\/www.w3.org\/2000\/svg\"><path d=\"M549.655 124.083c-6.281-23.65-24.787-42.276-48.284-48.597C458.781 64 288 64 288 64S117.22 64 74.629 75.486c-23.497 6.322-42.003 24.947-48.284 48.597-11.412 42.867-11.412 132.305-11.412 132.305s0 89.438 11.412 132.305c6.281 23.65 24.787 41.5 48.284 47.821C117.22 448 288 448 288 448s170.78 0 213.371-11.486c23.497-6.321 42.003-24.171 48.284-47.821 11.412-42.867 11.412-132.305 11.412-132.305s0-89.438-11.412-132.305zm-317.51 213.508V175.185l142.739 81.205-142.739 81.201z\"><\/path><\/svg>\t\t\t\t\t<\/a>\n\t\t\t\t<\/span>\n\t\t\t\t\t\t\t<span class=\"elementor-grid-item\">\n\t\t\t\t\t<a class=\"elementor-icon elementor-social-icon elementor-social-icon-linkedin elementor-repeater-item-be5867b\" target=\"_blank\">\n\t\t\t\t\t\t<span class=\"elementor-screen-only\">Linkedin<\/span>\n\t\t\t\t\t\t<svg class=\"e-font-icon-svg e-fab-linkedin\" viewBox=\"0 0 448 512\" xmlns=\"http:\/\/www.w3.org\/2000\/svg\"><path d=\"M416 32H31.9C14.3 32 0 46.5 0 64.3v383.4C0 465.5 14.3 480 31.9 480H416c17.6 0 32-14.5 32-32.3V64.3c0-17.8-14.4-32.3-32-32.3zM135.4 416H69V202.2h66.5V416zm-33.2-243c-21.3 0-38.5-17.3-38.5-38.5S80.9 96 102.2 96c21.2 0 38.5 17.3 38.5 38.5 0 21.3-17.2 38.5-38.5 38.5zm282.1 243h-66.4V312c0-24.8-.5-56.7-34.5-56.7-34.6 0-39.9 27-39.9 54.9V416h-66.4V202.2h63.7v29.2h.9c8.9-16.8 30.6-34.5 62.9-34.5 67.2 0 79.7 44.3 79.7 101.9V416z\"><\/path><\/svg>\t\t\t\t\t<\/a>\n\t\t\t\t<\/span>\n\t\t\t\t\t<\/div>\n\t\t\t\t\t\t<\/div>\n\t\t\t\t<\/div>\n\t\t\t\t<div class=\"elementor-element elementor-element-7cf7b70 elementor-widget elementor-widget-spacer\" data-id=\"7cf7b70\" data-element_type=\"widget\" data-widget_type=\"spacer.default\">\n\t\t\t\t<div class=\"elementor-widget-container\">\n\t\t\t\t\t\t\t<div class=\"elementor-spacer\">\n\t\t\t<div class=\"elementor-spacer-inner\"><\/div>\n\t\t<\/div>\n\t\t\t\t\t\t<\/div>\n\t\t\t\t<\/div>\n\t\t\t\t\t<\/div>\n\t\t<\/div>\n\t\t\t\t\t<\/div>\n\t\t<\/section>\n\t\t\t\t\t<\/div>\n\t\t<\/div>\n\t\t\t\t\t<\/div>\n\t\t<\/section>\n\t\t\t\t<\/div>\n\t\t","protected":false},"excerpt":{"rendered":"<p>TECHNOLOG\u00cdA CAD CAM We\u2019re a digital creative services firm. We provide web, mobile and app development, branding and design services for arts + culture, entertainment and nonprofit organizations. Technolog\u00eda Apostamos por la tecnolog\u00eda CAD\/CAM como parte esencial de nuestro proceso de trabajo. Gracias a los avanzados sistemas de dise\u00f1o y fabricaci\u00f3n digital CAD\/CAM, en nuestro&#8230;<\/p>\n","protected":false},"author":1,"featured_media":0,"parent":1912,"menu_order":0,"comment_status":"closed","ping_status":"closed","template":"wavo-elementor-page.php","meta":{"_acf_changed":false,"footnotes":""},"class_list":{"0":"post-3065","1":"page","2":"type-page","3":"status-publish","4":"hentry","5":"nt-post-class","6":"","7":"thumb-none","9":"excerpt-none"},"acf":[],"_links":{"self":[{"href":"https:\/\/casatribal.com\/index.php?rest_route=\/wp\/v2\/pages\/3065","targetHints":{"allow":["GET"]}}],"collection":[{"href":"https:\/\/casatribal.com\/index.php?rest_route=\/wp\/v2\/pages"}],"about":[{"href":"https:\/\/casatribal.com\/index.php?rest_route=\/wp\/v2\/types\/page"}],"author":[{"embeddable":true,"href":"https:\/\/casatribal.com\/index.php?rest_route=\/wp\/v2\/users\/1"}],"replies":[{"embeddable":true,"href":"https:\/\/casatribal.com\/index.php?rest_route=%2Fwp%2Fv2%2Fcomments&post=3065"}],"version-history":[{"count":129,"href":"https:\/\/casatribal.com\/index.php?rest_route=\/wp\/v2\/pages\/3065\/revisions"}],"predecessor-version":[{"id":5165,"href":"https:\/\/casatribal.com\/index.php?rest_route=\/wp\/v2\/pages\/3065\/revisions\/5165"}],"up":[{"embeddable":true,"href":"https:\/\/casatribal.com\/index.php?rest_route=\/wp\/v2\/pages\/1912"}],"wp:attachment":[{"href":"https:\/\/casatribal.com\/index.php?rest_route=%2Fwp%2Fv2%2Fmedia&parent=3065"}],"curies":[{"name":"wp","href":"https:\/\/api.w.org\/{rel}","templated":true}]}}